{"id":2194,"date":"2025-10-09T14:19:07","date_gmt":"2025-10-09T11:19:07","guid":{"rendered":"http:\/\/rukako.fi\/our-story\/"},"modified":"2026-01-26T12:31:20","modified_gmt":"2026-01-26T10:31:20","slug":"unsere-geschichte","status":"publish","type":"page","link":"https:\/\/rukako.fi\/de\/unsere-geschichte\/","title":{"rendered":"Unsere Geschichte"},"content":{"rendered":"<h3><a href=\"#2\">Unsere Geschichte \u2013 Rukako<\/a><\/h3>\n<p><img decoding=\"async\" src=\"\/wp-content\/uploads\/2026\/01\/IMG_1657.jpg\" alt=\"\"><\/p>\n<div>\n<h4>Rukako ist ein familiengef\u00fchrtes Unternehmen mit Wurzeln, die bis ins Jahr 1992 zur\u00fcckreichen. Gegr\u00fcndet wurde es von der Mutter von Juha \u2013 zun\u00e4chst als kleines Unternehmen im Herzen des touristischen Zentrums von Ruka. Im Laufe der Jahre sind sowohl Rukako als auch Ruka Seite an Seite gewachsen und haben sich stetig weiterentwickelt \u2013 doch die Werte der Familienunternehmung, echte Leidenschaft f\u00fcr unsere Arbeit und pers\u00f6nliche Aufmerksamkeit f\u00fcr jeden einzelnen Gast sind bis heute das Herzst\u00fcck unseres Handelns.<\/h4>\n<\/div>\n<div>\n<p>Wir sind Rukako \u2013 unsere Gesichter, unsere Werte und unser Engagement spiegeln sich in allem wider, was wir tun. Wir arbeiten verantwortungsvoll und stellen unsere G\u00e4ste stets in den Mittelpunkt. Unser Ziel ist es, individuellen Service zu bieten, wann immer m\u00f6glich, und sicherzustellen, dass unsere Unterk\u00fcnfte ein hervorragendes Preis-Leistungs-Verh\u00e4ltnis und allen notwendigen Komfort bieten \u2013 ohne \u00fcberfl\u00fcssigen Schnickschnack. <\/p>\n<p>Wir betreuen sowohl inl\u00e4ndische als auch internationale G\u00e4ste \u2013 von Individualreisenden bis hin zu Firmenkunden. Unser Unternehmen entwickelt sich st\u00e4ndig weiter, und wir erweitern unsere Dienstleistungen um Reiseorganisation \u2013 mit dem Ziel, ganzj\u00e4hrig hochwertige Ruka-Erlebnisse anzubieten. <\/p>\n<p>Unser Unterkunftsangebot umfasst \u00fcber 100 Ferienh\u00e4user und Apartments in verschiedenen Gr\u00f6\u00dfen und Ausstattungsstandards \u2013 alle in der N\u00e4he von Rukas Dienstleistungen, Skipisten und Aktivit\u00e4ten gelegen. F\u00fcr jeden ist etwas dabei \u2013 ob gem\u00fctliche H\u00fctte inmitten der Natur oder komfortables Apartment nahe des Ruka-Dorfs. <\/p>\n<p>Ruka bietet zu jeder Jahreszeit unvergessliche Erlebnisse: Abfahrts- und Langlaufski sowie das magische Nordlicht im Winter; Wildwasser-Rafting, Mountainbiken, Kanufahren, Angeln und Wandern im Sommer. Ruka ist ein Reiseziel f\u00fcr Abenteurer, Familien und all jene, die Ruhe und Erholung in der Natur suchen. <\/p>\n<p>F\u00fcr uns war eines immer entscheidend \u2013 dass jeder Gast den Alltag hinter sich lassen, entspannen und einfach genie\u00dfen kann. Das ist seit \u00fcber 15 Jahren unser Leitgedanke, festgehalten in unserem Motto: Zeit f\u00fcr eine Reise \u2013 entspannen und genie\u00dfen!<\/p>\n<\/div>\n<div>\n<h4>Ich bin Juha, Unternehmer und seit 2004 Inhaber von Rukako, als das Unternehmen an die n\u00e4chste Generation \u00fcberging. Ich leite die Gesamtgesch\u00e4fte und bin neben dem Bereich Unterkunft auch in Bau- und Renovierungsprojekten t\u00e4tig.<\/h4>\n<\/div>\n<p><img decoding=\"async\" src=\"\/wp-content\/uploads\/2026\/01\/IMG_1636.jpg\" alt=\"\"><br \/>\n<img decoding=\"async\" src=\"\/wp-content\/uploads\/2026\/01\/IMG_1401-3.jpg\" alt=\"\"><\/p>\n<div>\n<h4>Ich bin Katja und geh\u00f6re seit 2003 zum Team von Rukako. Zu meinen Aufgaben geh\u00f6ren der Unterkunftsverkauf und das Marketing \u2013 mit anderen Worten: Ich sorge daf\u00fcr, dass jeder Gast die passende Unterkunft findet und einen freundlichen, pers\u00f6nlichen Service erh\u00e4lt.<\/h4>\n<\/div>\n<p><!--more--><br \/>\n<!-- {\"type\":\"layout\",\"children\":[{\"name\":\"Hero\",\"type\":\"section\",\"props\":{\"animation\":\"slide-top\",\"height\":\"viewport\",\"height_viewport\":60,\"image\":\"wp-content\\\/uploads\\\/2026\\\/01\\\/IMG_1153.jpg\",\"image_position\":\"bottom-left\",\"image_size\":\"cover\",\"image_width\":\"1920\",\"media_background\":\"#1e3040\",\"media_focal_point\":\"top-center\",\"overlap\":false,\"padding_remove_bottom\":false,\"padding_remove_top\":false,\"preserve_color\":true,\"style\":\"secondary\",\"title_breakpoint\":\"xl\",\"title_position\":\"top-left\",\"title_rotation\":\"left\",\"vertical_align\":\"\",\"width\":\"default\"},\"children\":[{\"type\":\"row\",\"children\":[{\"type\":\"column\",\"props\":{\"image_position\":\"center-center\",\"image_size\":\"contain\",\"image_width\":\"690\",\"padding\":\"large\",\"position_sticky_breakpoint\":\"m\",\"vertical_align\":\"middle\",\"width_medium\":\"1-1\"}}]}]},{\"name\":\"Esittely\",\"type\":\"section\",\"props\":{\"animation\":\"slide-top-medium\",\"height_viewport\":false,\"image_position\":\"bottom-center\",\"image_size\":\"cover\",\"image_width\":\"1920\",\"overlap\":true,\"padding\":\"small\",\"padding_remove_bottom\":true,\"padding_remove_top\":false,\"style\":\"default\",\"text_color\":\"dark\",\"title_breakpoint\":\"xl\",\"title_position\":\"top-left\",\"title_rotation\":\"left\",\"vertical_align\":\"\",\"width\":\"small\"},\"children\":[{\"type\":\"row\",\"props\":{\"column_gap\":\"large\",\"margin\":\"large\",\"row_gap\":\"large\"},\"children\":[{\"type\":\"column\",\"props\":{\"image_position\":\"center-center\",\"position_sticky_breakpoint\":\"m\",\"vertical_align\":\"middle\"},\"children\":[{\"type\":\"headline\",\"props\":{\"animation\":\"slide-left-medium\",\"content\":\"Unsere Geschichte \\u2013 Rukako\",\"link\":\"#2\",\"margin\":\"small\",\"text_align\":\"left\",\"text_align_breakpoint\":\"m\",\"text_align_fallback\":\"center\",\"title_element\":\"h3\",\"title_style\":\"h2\"}}]}]}]},{\"name\":\"Esittely\",\"type\":\"section\",\"props\":{\"animation\":\"slide-top-medium\",\"height_viewport\":false,\"image_position\":\"bottom-center\",\"image_size\":\"cover\",\"image_width\":\"1920\",\"overlap\":true,\"padding_remove_bottom\":true,\"padding_remove_top\":false,\"style\":\"default\",\"text_color\":\"dark\",\"title_breakpoint\":\"xl\",\"title_position\":\"top-left\",\"title_rotation\":\"left\",\"vertical_align\":\"\",\"width\":\"small\"},\"children\":[{\"type\":\"row\",\"props\":{\"class\":\"swap-on-phone\",\"id\":\"swap-on-phone\",\"layout\":\"1-2,1-2\"},\"children\":[{\"type\":\"column\",\"props\":{\"image_position\":\"center-center\",\"position_sticky_breakpoint\":\"m\",\"width_medium\":\"1-2\"},\"children\":[{\"type\":\"image\",\"props\":{\"image\":\"wp-content\\\/uploads\\\/2026\\\/01\\\/IMG_1657.jpg\",\"image_svg_color\":\"emphasis\",\"margin\":\"default\"}}]},{\"type\":\"column\",\"props\":{\"image_position\":\"center-center\",\"position_sticky_breakpoint\":\"m\",\"vertical_align\":\"middle\",\"width_medium\":\"1-2\"},\"children\":[{\"type\":\"text\",\"props\":{\"animation\":\"slide-left-medium\",\"column_breakpoint\":\"m\",\"content\":\"\n\n<h4>Rukako ist ein familiengef\\u00fchrtes Unternehmen mit Wurzeln, die bis ins Jahr 1992 zur\\u00fcckreichen. Gegr\\u00fcndet wurde es von der Mutter von Juha \\u2013 zun\\u00e4chst als kleines Unternehmen im Herzen des touristischen Zentrums von Ruka. Im Laufe der Jahre sind sowohl Rukako als auch Ruka Seite an Seite gewachsen und haben sich stetig weiterentwickelt \\u2013 doch die Werte der Familienunternehmung, echte Leidenschaft f\\u00fcr unsere Arbeit und pers\\u00f6nliche Aufmerksamkeit f\\u00fcr jeden einzelnen Gast sind bis heute das Herzst\\u00fcck unseres Handelns.<\\\/h4>\",\"margin\":\"medium\",\"text_align\":\"left\",\"text_align_breakpoint\":\"m\",\"text_align_fallback\":\"center\"}}]}]}]},{\"name\":\"Esittely\",\"type\":\"section\",\"props\":{\"animation\":\"slide-top-medium\",\"height_viewport\":false,\"image_position\":\"bottom-center\",\"image_size\":\"cover\",\"image_width\":\"1920\",\"overlap\":true,\"padding\":\"small\",\"padding_remove_top\":false,\"style\":\"default\",\"text_color\":\"dark\",\"title_breakpoint\":\"xl\",\"title_position\":\"top-left\",\"title_rotation\":\"left\",\"vertical_align\":\"\",\"width\":\"small\"},\"children\":[{\"type\":\"row\",\"props\":{\"column_gap\":\"large\",\"margin\":\"large\",\"row_gap\":\"large\"},\"children\":[{\"type\":\"column\",\"props\":{\"image_position\":\"center-center\",\"position_sticky_breakpoint\":\"m\",\"vertical_align\":\"middle\"},\"children\":[{\"type\":\"text\",\"props\":{\"animation\":\"slide-left-medium\",\"column_breakpoint\":\"m\",\"content\":\"\n\n<p>Wir sind Rukako \\u2013 unsere Gesichter, unsere Werte und unser Engagement spiegeln sich in allem wider, was wir tun. Wir arbeiten verantwortungsvoll und stellen unsere G\\u00e4ste stets in den Mittelpunkt. Unser Ziel ist es, individuellen Service zu bieten, wann immer m\\u00f6glich, und sicherzustellen, dass unsere Unterk\\u00fcnfte ein hervorragendes Preis-Leistungs-Verh\\u00e4ltnis und allen notwendigen Komfort bieten \\u2013 ohne \\u00fcberfl\\u00fcssigen Schnickschnack. <br \\\/><br \\\/>Wir betreuen sowohl inl\\u00e4ndische als auch internationale G\\u00e4ste \\u2013 von Individualreisenden bis hin zu Firmenkunden. Unser Unternehmen entwickelt sich st\\u00e4ndig weiter, und wir erweitern unsere Dienstleistungen um Reiseorganisation \\u2013 mit dem Ziel, ganzj\\u00e4hrig hochwertige Ruka-Erlebnisse anzubieten. <br \\\/><br \\\/>Unser Unterkunftsangebot umfasst \\u00fcber 100 Ferienh\\u00e4user und Apartments in verschiedenen Gr\\u00f6\\u00dfen und Ausstattungsstandards \\u2013 alle in der N\\u00e4he von Rukas Dienstleistungen, Skipisten und Aktivit\\u00e4ten gelegen. F\\u00fcr jeden ist etwas dabei \\u2013 ob gem\\u00fctliche H\\u00fctte inmitten der Natur oder komfortables Apartment nahe des Ruka-Dorfs. <br \\\/><br \\\/>Ruka bietet zu jeder Jahreszeit unvergessliche Erlebnisse: Abfahrts- und Langlaufski sowie das magische Nordlicht im Winter; Wildwasser-Rafting, Mountainbiken, Kanufahren, Angeln und Wandern im Sommer. Ruka ist ein Reiseziel f\\u00fcr Abenteurer, Familien und all jene, die Ruhe und Erholung in der Natur suchen. <br \\\/><br \\\/>F\\u00fcr uns war eines immer entscheidend \\u2013 dass jeder Gast den Alltag hinter sich lassen, entspannen und einfach genie\\u00dfen kann. Das ist seit \\u00fcber 15 Jahren unser Leitgedanke, festgehalten in unserem Motto: Zeit f\\u00fcr eine Reise \\u2013 entspannen und genie\\u00dfen!<\\\/p>\",\"margin\":\"medium\",\"text_align\":\"left\",\"text_align_breakpoint\":\"m\",\"text_align_fallback\":\"center\"}}]}]}]},{\"name\":\"Esittely\",\"type\":\"section\",\"props\":{\"animation\":\"slide-top-medium\",\"height_viewport\":false,\"image_position\":\"bottom-center\",\"image_size\":\"cover\",\"image_width\":\"1920\",\"overlap\":true,\"padding_remove_bottom\":true,\"padding_remove_top\":false,\"style\":\"default\",\"text_color\":\"dark\",\"title_breakpoint\":\"xl\",\"title_position\":\"top-left\",\"title_rotation\":\"left\",\"vertical_align\":\"\",\"width\":\"small\"},\"children\":[{\"type\":\"row\",\"props\":{\"layout\":\"1-2,1-2\",\"parallax\":false},\"children\":[{\"type\":\"column\",\"props\":{\"image_position\":\"center-center\",\"position_sticky_breakpoint\":\"m\",\"vertical_align\":\"middle\",\"width_large\":\"1-2\",\"width_medium\":\"1-2\",\"width_small\":\"1-1\",\"width_xlarge\":\"1-2\"},\"children\":[{\"type\":\"text\",\"props\":{\"animation\":\"slide-left-medium\",\"column_breakpoint\":\"m\",\"content\":\"\n\n<h4>Ich bin Juha, Unternehmer und seit 2004 Inhaber von Rukako, als das Unternehmen an die n\\u00e4chste Generation \\u00fcberging. Ich leite die Gesamtgesch\\u00e4fte und bin neben dem Bereich Unterkunft auch in Bau- und Renovierungsprojekten t\\u00e4tig.<\\\/h4>\",\"margin\":\"medium\",\"text_align\":\"left\",\"text_align_breakpoint\":\"m\",\"text_align_fallback\":\"center\"}}]},{\"type\":\"column\",\"props\":{\"image_position\":\"center-center\",\"position_sticky_breakpoint\":\"m\",\"width_large\":\"1-2\",\"width_medium\":\"1-2\",\"width_small\":\"1-1\",\"width_xlarge\":\"1-2\"},\"children\":[{\"type\":\"image\",\"props\":{\"image\":\"wp-content\\\/uploads\\\/2026\\\/01\\\/IMG_1636.jpg\",\"image_svg_color\":\"emphasis\",\"margin\":\"default\"}}]}]}]},{\"name\":\"Esittely\",\"type\":\"section\",\"props\":{\"animation\":\"slide-top-medium\",\"height_viewport\":false,\"image_position\":\"bottom-center\",\"image_size\":\"cover\",\"image_width\":\"1920\",\"overlap\":true,\"padding_remove_bottom\":true,\"padding_remove_top\":false,\"style\":\"default\",\"text_color\":\"dark\",\"title_breakpoint\":\"xl\",\"title_position\":\"top-left\",\"title_rotation\":\"left\",\"vertical_align\":\"\",\"width\":\"small\"},\"children\":[{\"type\":\"row\",\"props\":{\"class\":\"swap-on-phone\",\"id\":\"swap-on-phone\",\"layout\":\"1-2,1-2\"},\"children\":[{\"type\":\"column\",\"props\":{\"image_position\":\"center-center\",\"position_sticky_breakpoint\":\"m\",\"width_medium\":\"1-2\"},\"children\":[{\"type\":\"image\",\"props\":{\"image\":\"wp-content\\\/uploads\\\/2026\\\/01\\\/IMG_1401-3.jpg\",\"image_svg_color\":\"emphasis\",\"margin\":\"default\"}}]},{\"type\":\"column\",\"props\":{\"image_position\":\"center-center\",\"position_sticky_breakpoint\":\"m\",\"vertical_align\":\"middle\",\"width_medium\":\"1-2\"},\"children\":[{\"type\":\"text\",\"props\":{\"animation\":\"slide-left-medium\",\"column_breakpoint\":\"m\",\"content\":\"\n\n<h4>Ich bin Katja und geh\\u00f6re seit 2003 zum Team von Rukako. Zu meinen Aufgaben geh\\u00f6ren der Unterkunftsverkauf und das Marketing \\u2013 mit anderen Worten: Ich sorge daf\\u00fcr, dass jeder Gast die passende Unterkunft findet und einen freundlichen, pers\\u00f6nlichen Service erh\\u00e4lt.<\\\/h4>\",\"margin\":\"medium\",\"text_align\":\"left\",\"text_align_breakpoint\":\"m\",\"text_align_fallback\":\"center\"}}]}]}]},{\"type\":\"section\",\"props\":{\"image\":\"http:\\\/\\\/rukako.fi\\\/wp-content\\\/uploads\\\/2021\\\/09\\\/rukako_talvea.jpg\",\"image_position\":\"center-center\",\"image_size\":\"cover\",\"media_visibility\":\"m\",\"status\":\"disabled\",\"style\":\"muted\",\"title_breakpoint\":\"xl\",\"title_position\":\"top-left\",\"title_rotation\":\"left\",\"vertical_align\":\"\",\"width\":\"default\"},\"children\":[{\"type\":\"row\",\"children\":[{\"type\":\"column\",\"props\":{\"image_position\":\"center-center\",\"position_sticky_breakpoint\":\"m\"}}],\"props\":{\"width\":\"default\"}}]}],\"version\":\"4.5.24\"} --><\/p>\n","protected":false},"excerpt":{"rendered":"<p>Unsere Geschichte \u2013 Rukako Rukako ist ein familiengef\u00fchrtes Unternehmen mit Wurzeln, die bis ins Jahr 1992 zur\u00fcckreichen. Gegr\u00fcndet wurde es von der Mutter von Juha \u2013 zun\u00e4chst als kleines Unternehmen im Herzen des touristischen Zentrums von Ruka. Im Laufe der Jahre sind sowohl Rukako als auch Ruka Seite an Seite gewachsen und haben sich stetig [&hellip;]<\/p>\n","protected":false},"author":4,"featured_media":0,"parent":0,"menu_order":0,"comment_status":"closed","ping_status":"closed","template":"","meta":{"footnotes":""},"class_list":["post-2194","page","type-page","status-publish","hentry"],"yoast_head":"<!-- This site is optimized with the Yoast SEO plugin v27.0 - https:\/\/yoast.com\/product\/yoast-seo-wordpress\/ -->\n<title>Unsere Geschichte \u2013 Ferienh\u00e4user &amp; Unterkunftsvermietung in Ruka\u2013Kuusamo, Lappland, Finnland | Rukako<\/title>\n<meta name=\"description\" content=\"Lernen Sie Rukako kennen \u2013 ein familiengef\u00fchrtes Unternehmen f\u00fcr Ferienh\u00e4user und Apartments in Ruka\u2013Kuusamo, Lappland, Finnland. Pers\u00f6nlicher Service seit 1992.\" \/>\n<meta name=\"robots\" content=\"index, follow, max-snippet:-1, max-image-preview:large, max-video-preview:-1\" \/>\n<link rel=\"canonical\" href=\"https:\/\/rukako.fi\/de\/unsere-geschichte\/\" \/>\n<meta property=\"og:locale\" content=\"de_DE\" \/>\n<meta property=\"og:type\" content=\"article\" \/>\n<meta property=\"og:title\" content=\"Unsere Geschichte \u2013 Ferienh\u00e4user &amp; Unterkunftsvermietung in Ruka\u2013Kuusamo, Lappland, Finnland | Rukako\" \/>\n<meta property=\"og:description\" content=\"Lernen Sie Rukako kennen \u2013 ein familiengef\u00fchrtes Unternehmen f\u00fcr Ferienh\u00e4user und Apartments in Ruka\u2013Kuusamo, Lappland, Finnland. Pers\u00f6nlicher Service seit 1992.\" \/>\n<meta property=\"og:url\" content=\"https:\/\/rukako.fi\/de\/unsere-geschichte\/\" \/>\n<meta property=\"og:site_name\" content=\"M\u00f6kkien ja huoneistojen keskusvaraamo, Ruka\" \/>\n<meta property=\"article:modified_time\" content=\"2026-01-26T10:31:20+00:00\" \/>\n<meta name=\"twitter:card\" content=\"summary_large_image\" \/>\n<meta name=\"twitter:label1\" content=\"Gesch\u00e4tzte Lesezeit\" \/>\n\t<meta name=\"twitter:data1\" content=\"3\u00a0Minuten\" \/>\n<script type=\"application\/ld+json\" class=\"yoast-schema-graph\">{\"@context\":\"https:\/\/schema.org\",\"@graph\":[{\"@type\":\"WebPage\",\"@id\":\"https:\/\/rukako.fi\/de\/unsere-geschichte\/\",\"url\":\"https:\/\/rukako.fi\/de\/unsere-geschichte\/\",\"name\":\"Unsere Geschichte \u2013 Ferienh\u00e4user & Unterkunftsvermietung in Ruka\u2013Kuusamo, Lappland, Finnland | Rukako\",\"isPartOf\":{\"@id\":\"https:\/\/rukako.fi\/#website\"},\"datePublished\":\"2025-10-09T11:19:07+00:00\",\"dateModified\":\"2026-01-26T10:31:20+00:00\",\"description\":\"Lernen Sie Rukako kennen \u2013 ein familiengef\u00fchrtes Unternehmen f\u00fcr Ferienh\u00e4user und Apartments in Ruka\u2013Kuusamo, Lappland, Finnland. Pers\u00f6nlicher Service seit 1992.\",\"breadcrumb\":{\"@id\":\"https:\/\/rukako.fi\/de\/unsere-geschichte\/#breadcrumb\"},\"inLanguage\":\"de\",\"potentialAction\":[{\"@type\":\"ReadAction\",\"target\":[\"https:\/\/rukako.fi\/de\/unsere-geschichte\/\"]}]},{\"@type\":\"BreadcrumbList\",\"@id\":\"https:\/\/rukako.fi\/de\/unsere-geschichte\/#breadcrumb\",\"itemListElement\":[{\"@type\":\"ListItem\",\"position\":1,\"name\":\"Etusivu\",\"item\":\"https:\/\/rukako.fi\/de\/\"},{\"@type\":\"ListItem\",\"position\":2,\"name\":\"Unsere Geschichte\"}]},{\"@type\":\"WebSite\",\"@id\":\"https:\/\/rukako.fi\/#website\",\"url\":\"https:\/\/rukako.fi\/\",\"name\":\"M\u00f6kkien ja huoneistojen keskusvaraamo, Ruka\",\"description\":\"Noin 130 kohdetta Rukan alueella\",\"potentialAction\":[{\"@type\":\"SearchAction\",\"target\":{\"@type\":\"EntryPoint\",\"urlTemplate\":\"https:\/\/rukako.fi\/?s={search_term_string}\"},\"query-input\":{\"@type\":\"PropertyValueSpecification\",\"valueRequired\":true,\"valueName\":\"search_term_string\"}}],\"inLanguage\":\"de\"}]}<\/script>\n<!-- \/ Yoast SEO plugin. -->","yoast_head_json":{"title":"Unsere Geschichte \u2013 Ferienh\u00e4user & Unterkunftsvermietung in Ruka\u2013Kuusamo, Lappland, Finnland | Rukako","description":"Lernen Sie Rukako kennen \u2013 ein familiengef\u00fchrtes Unternehmen f\u00fcr Ferienh\u00e4user und Apartments in Ruka\u2013Kuusamo, Lappland, Finnland. Pers\u00f6nlicher Service seit 1992.","robots":{"index":"index","follow":"follow","max-snippet":"max-snippet:-1","max-image-preview":"max-image-preview:large","max-video-preview":"max-video-preview:-1"},"canonical":"https:\/\/rukako.fi\/de\/unsere-geschichte\/","og_locale":"de_DE","og_type":"article","og_title":"Unsere Geschichte \u2013 Ferienh\u00e4user & Unterkunftsvermietung in Ruka\u2013Kuusamo, Lappland, Finnland | Rukako","og_description":"Lernen Sie Rukako kennen \u2013 ein familiengef\u00fchrtes Unternehmen f\u00fcr Ferienh\u00e4user und Apartments in Ruka\u2013Kuusamo, Lappland, Finnland. Pers\u00f6nlicher Service seit 1992.","og_url":"https:\/\/rukako.fi\/de\/unsere-geschichte\/","og_site_name":"M\u00f6kkien ja huoneistojen keskusvaraamo, Ruka","article_modified_time":"2026-01-26T10:31:20+00:00","twitter_card":"summary_large_image","twitter_misc":{"Gesch\u00e4tzte Lesezeit":"3\u00a0Minuten"},"schema":{"@context":"https:\/\/schema.org","@graph":[{"@type":"WebPage","@id":"https:\/\/rukako.fi\/de\/unsere-geschichte\/","url":"https:\/\/rukako.fi\/de\/unsere-geschichte\/","name":"Unsere Geschichte \u2013 Ferienh\u00e4user & Unterkunftsvermietung in Ruka\u2013Kuusamo, Lappland, Finnland | Rukako","isPartOf":{"@id":"https:\/\/rukako.fi\/#website"},"datePublished":"2025-10-09T11:19:07+00:00","dateModified":"2026-01-26T10:31:20+00:00","description":"Lernen Sie Rukako kennen \u2013 ein familiengef\u00fchrtes Unternehmen f\u00fcr Ferienh\u00e4user und Apartments in Ruka\u2013Kuusamo, Lappland, Finnland. Pers\u00f6nlicher Service seit 1992.","breadcrumb":{"@id":"https:\/\/rukako.fi\/de\/unsere-geschichte\/#breadcrumb"},"inLanguage":"de","potentialAction":[{"@type":"ReadAction","target":["https:\/\/rukako.fi\/de\/unsere-geschichte\/"]}]},{"@type":"BreadcrumbList","@id":"https:\/\/rukako.fi\/de\/unsere-geschichte\/#breadcrumb","itemListElement":[{"@type":"ListItem","position":1,"name":"Etusivu","item":"https:\/\/rukako.fi\/de\/"},{"@type":"ListItem","position":2,"name":"Unsere Geschichte"}]},{"@type":"WebSite","@id":"https:\/\/rukako.fi\/#website","url":"https:\/\/rukako.fi\/","name":"M\u00f6kkien ja huoneistojen keskusvaraamo, Ruka","description":"Noin 130 kohdetta Rukan alueella","potentialAction":[{"@type":"SearchAction","target":{"@type":"EntryPoint","urlTemplate":"https:\/\/rukako.fi\/?s={search_term_string}"},"query-input":{"@type":"PropertyValueSpecification","valueRequired":true,"valueName":"search_term_string"}}],"inLanguage":"de"}]}},"publishpress_future_action":{"enabled":false,"date":"2026-04-22 20:19:18","action":"change-status","newStatus":"draft","terms":[],"taxonomy":"translation_priority","extraData":[]},"publishpress_future_workflow_manual_trigger":{"enabledWorkflows":[]},"_links":{"self":[{"href":"https:\/\/rukako.fi\/de\/wp-json\/wp\/v2\/pages\/2194","targetHints":{"allow":["GET"]}}],"collection":[{"href":"https:\/\/rukako.fi\/de\/wp-json\/wp\/v2\/pages"}],"about":[{"href":"https:\/\/rukako.fi\/de\/wp-json\/wp\/v2\/types\/page"}],"author":[{"embeddable":true,"href":"https:\/\/rukako.fi\/de\/wp-json\/wp\/v2\/users\/4"}],"replies":[{"embeddable":true,"href":"https:\/\/rukako.fi\/de\/wp-json\/wp\/v2\/comments?post=2194"}],"version-history":[{"count":1,"href":"https:\/\/rukako.fi\/de\/wp-json\/wp\/v2\/pages\/2194\/revisions"}],"predecessor-version":[{"id":2899,"href":"https:\/\/rukako.fi\/de\/wp-json\/wp\/v2\/pages\/2194\/revisions\/2899"}],"wp:attachment":[{"href":"https:\/\/rukako.fi\/de\/wp-json\/wp\/v2\/media?parent=2194"}],"curies":[{"name":"wp","href":"https:\/\/api.w.org\/{rel}","templated":true}]}}