{"id":2195,"date":"2025-10-09T14:19:07","date_gmt":"2025-10-09T11:19:07","guid":{"rendered":"http:\/\/rukako.fi\/our-story\/"},"modified":"2026-01-26T12:45:18","modified_gmt":"2026-01-26T10:45:18","slug":"nuestra-historia","status":"publish","type":"page","link":"https:\/\/rukako.fi\/es\/nuestra-historia\/","title":{"rendered":"Nuestra historia"},"content":{"rendered":"<h3><a href=\"#2\">Nuestra historia \u2013 Rukako<\/a><\/h3>\n<p><img decoding=\"async\" src=\"\/wp-content\/uploads\/2026\/01\/IMG_1657.jpg\" alt=\"\"><\/p>\n<div>\n<h4>Rukako es una empresa familiar con ra\u00edces que se remontan a 1992. Fue fundada por la madre de Juha, comenzando como un peque\u00f1o negocio en el coraz\u00f3n de la zona tur\u00edstica de Ruka. Con el paso de los a\u00f1os, tanto Rukako como Ruka han crecido y evolucionado lado a lado, pero los valores del esp\u00edritu familiar, la pasi\u00f3n genuina por nuestro trabajo y la atenci\u00f3n personal a cada hu\u00e9sped siempre han permanecido en el centro de todo lo que hacemos.<\/h4>\n<\/div>\n<div>\n<p>Somos Rukako: nuestros rostros, nuestros valores y nuestra dedicaci\u00f3n se reflejan en todo lo que hacemos. Trabajamos de manera responsable, colocando siempre a nuestros clientes en el centro de nuestras operaciones. Nuestro objetivo es ofrecer un servicio individualizado siempre que sea posible y garantizar que nuestros alojamientos ofrezcan una excelente relaci\u00f3n calidad-precio y todas las comodidades esenciales, sin a\u00f1adidos innecesarios. <\/p>\n<p>Atendemos tanto a hu\u00e9spedes nacionales como internacionales, desde viajeros individuales hasta grupos empresariales. Nuestra actividad est\u00e1 en constante desarrollo, y estamos ampliando nuestros servicios hacia la organizaci\u00f3n de viajes, con el objetivo de ofrecer experiencias de alta calidad en Ruka durante todo el a\u00f1o. <\/p>\n<p>Nuestra cartera de alojamientos incluye m\u00e1s de 100 caba\u00f1as y apartamentos de diferentes tama\u00f1os y categor\u00edas, todos ubicados cerca de los servicios, pistas de esqu\u00ed y actividades de Ruka. Hay algo para todos los gustos: desde una acogedora caba\u00f1a rodeada de naturaleza hasta un c\u00f3modo apartamento cerca del pueblo de Ruka. <\/p>\n<p>Ruka ofrece experiencias inolvidables en todas las estaciones: esqu\u00ed alpino y de fondo, y la magia de las auroras boreales en invierno; rafting, ciclismo de monta\u00f1a, pirag\u00fcismo, pesca y senderismo en verano. Ruka es un destino ideal tanto para los aventureros como para las familias y quienes buscan tranquilidad en plena naturaleza. <\/p>\n<p>Para nosotros, hay algo que siempre ha sido esencial: que cada hu\u00e9sped pueda dejar atr\u00e1s las preocupaciones del d\u00eda a d\u00eda, relajarse y simplemente disfrutar. Ese ha sido nuestro principio gu\u00eda durante m\u00e1s de 15 a\u00f1os, expresado en nuestro lema: \u00a1Hora de viajar \u2013 rel\u00e1jate y disfruta!<\/p>\n<\/div>\n<div>\n<h4>Soy Juha, empresario y responsable de Rukako desde 2004, cuando el negocio pas\u00f3 a la siguiente generaci\u00f3n. Supervivo la gesti\u00f3n general de la empresa y, adem\u00e1s de los servicios de alojamiento, tambi\u00e9n trabajo en proyectos de construcci\u00f3n y renovaci\u00f3n.<\/h4>\n<\/div>\n<p><img decoding=\"async\" src=\"\/wp-content\/uploads\/2026\/01\/IMG_1636.jpg\" alt=\"\"><br \/>\n<img decoding=\"async\" src=\"\/wp-content\/uploads\/2026\/01\/IMG_1401-3.jpg\" alt=\"\"><\/p>\n<div>\n<h4>Soy Katja y formo parte de Rukako desde 2003. Mis responsabilidades incluyen las ventas y el marketing de alojamientos \u2014es decir, me encargo de que cada hu\u00e9sped encuentre el lugar perfecto donde hospedarse y reciba un servicio amable y personalizado.<\/h4>\n<\/div>\n<p><!--more--><br \/>\n<!-- {\"type\":\"layout\",\"children\":[{\"name\":\"Hero\",\"type\":\"section\",\"props\":{\"animation\":\"slide-top\",\"height\":\"viewport\",\"height_viewport\":60,\"image\":\"wp-content\\\/uploads\\\/2026\\\/01\\\/IMG_1153.jpg\",\"image_position\":\"bottom-left\",\"image_size\":\"cover\",\"image_width\":\"1920\",\"media_background\":\"#1e3040\",\"media_focal_point\":\"top-center\",\"overlap\":false,\"padding_remove_bottom\":false,\"padding_remove_top\":false,\"preserve_color\":true,\"style\":\"secondary\",\"title_breakpoint\":\"xl\",\"title_position\":\"top-left\",\"title_rotation\":\"left\",\"vertical_align\":\"\",\"width\":\"default\"},\"children\":[{\"type\":\"row\",\"children\":[{\"type\":\"column\",\"props\":{\"image_position\":\"center-center\",\"image_size\":\"contain\",\"image_width\":\"690\",\"padding\":\"large\",\"position_sticky_breakpoint\":\"m\",\"vertical_align\":\"middle\",\"width_medium\":\"1-1\"}}]}]},{\"name\":\"Esittely\",\"type\":\"section\",\"props\":{\"animation\":\"slide-top-medium\",\"height_viewport\":false,\"image_position\":\"bottom-center\",\"image_size\":\"cover\",\"image_width\":\"1920\",\"overlap\":true,\"padding\":\"small\",\"padding_remove_bottom\":true,\"padding_remove_top\":false,\"style\":\"default\",\"text_color\":\"dark\",\"title_breakpoint\":\"xl\",\"title_position\":\"top-left\",\"title_rotation\":\"left\",\"vertical_align\":\"\",\"width\":\"small\"},\"children\":[{\"type\":\"row\",\"props\":{\"column_gap\":\"large\",\"margin\":\"large\",\"row_gap\":\"large\"},\"children\":[{\"type\":\"column\",\"props\":{\"image_position\":\"center-center\",\"position_sticky_breakpoint\":\"m\",\"vertical_align\":\"middle\"},\"children\":[{\"type\":\"headline\",\"props\":{\"animation\":\"slide-left-medium\",\"content\":\"Nuestra historia \\u2013 Rukako\",\"link\":\"#2\",\"margin\":\"small\",\"text_align\":\"left\",\"text_align_breakpoint\":\"m\",\"text_align_fallback\":\"center\",\"title_element\":\"h3\",\"title_style\":\"h2\"}}]}]}]},{\"name\":\"Esittely\",\"type\":\"section\",\"props\":{\"animation\":\"slide-top-medium\",\"height_viewport\":false,\"image_position\":\"bottom-center\",\"image_size\":\"cover\",\"image_width\":\"1920\",\"overlap\":true,\"padding_remove_bottom\":true,\"padding_remove_top\":false,\"style\":\"default\",\"text_color\":\"dark\",\"title_breakpoint\":\"xl\",\"title_position\":\"top-left\",\"title_rotation\":\"left\",\"vertical_align\":\"\",\"width\":\"small\"},\"children\":[{\"type\":\"row\",\"props\":{\"class\":\"swap-on-phone\",\"id\":\"swap-on-phone\",\"layout\":\"1-2,1-2\"},\"children\":[{\"type\":\"column\",\"props\":{\"image_position\":\"center-center\",\"position_sticky_breakpoint\":\"m\",\"width_medium\":\"1-2\"},\"children\":[{\"type\":\"image\",\"props\":{\"image\":\"wp-content\\\/uploads\\\/2026\\\/01\\\/IMG_1657.jpg\",\"image_svg_color\":\"emphasis\",\"margin\":\"default\"}}]},{\"type\":\"column\",\"props\":{\"image_position\":\"center-center\",\"position_sticky_breakpoint\":\"m\",\"vertical_align\":\"middle\",\"width_medium\":\"1-2\"},\"children\":[{\"type\":\"text\",\"props\":{\"animation\":\"slide-left-medium\",\"column_breakpoint\":\"m\",\"content\":\"\n\n<h4>Rukako es una empresa familiar con ra\\u00edces que se remontan a 1992. Fue fundada por la madre de Juha, comenzando como un peque\\u00f1o negocio en el coraz\\u00f3n de la zona tur\\u00edstica de Ruka. Con el paso de los a\\u00f1os, tanto Rukako como Ruka han crecido y evolucionado lado a lado, pero los valores del esp\\u00edritu familiar, la pasi\\u00f3n genuina por nuestro trabajo y la atenci\\u00f3n personal a cada hu\\u00e9sped siempre han permanecido en el centro de todo lo que hacemos.<\\\/h4>\",\"margin\":\"medium\",\"text_align\":\"left\",\"text_align_breakpoint\":\"m\",\"text_align_fallback\":\"center\"}}]}]}]},{\"name\":\"Esittely\",\"type\":\"section\",\"props\":{\"animation\":\"slide-top-medium\",\"height_viewport\":false,\"image_position\":\"bottom-center\",\"image_size\":\"cover\",\"image_width\":\"1920\",\"overlap\":true,\"padding\":\"small\",\"padding_remove_top\":false,\"style\":\"default\",\"text_color\":\"dark\",\"title_breakpoint\":\"xl\",\"title_position\":\"top-left\",\"title_rotation\":\"left\",\"vertical_align\":\"\",\"width\":\"small\"},\"children\":[{\"type\":\"row\",\"props\":{\"column_gap\":\"large\",\"margin\":\"large\",\"row_gap\":\"large\"},\"children\":[{\"type\":\"column\",\"props\":{\"image_position\":\"center-center\",\"position_sticky_breakpoint\":\"m\",\"vertical_align\":\"middle\"},\"children\":[{\"type\":\"text\",\"props\":{\"animation\":\"slide-left-medium\",\"column_breakpoint\":\"m\",\"content\":\"\n\n<p>Somos Rukako: nuestros rostros, nuestros valores y nuestra dedicaci\\u00f3n se reflejan en todo lo que hacemos. Trabajamos de manera responsable, colocando siempre a nuestros clientes en el centro de nuestras operaciones. Nuestro objetivo es ofrecer un servicio individualizado siempre que sea posible y garantizar que nuestros alojamientos ofrezcan una excelente relaci\\u00f3n calidad-precio y todas las comodidades esenciales, sin a\\u00f1adidos innecesarios. <br \\\/><br \\\/>Atendemos tanto a hu\\u00e9spedes nacionales como internacionales, desde viajeros individuales hasta grupos empresariales. Nuestra actividad est\\u00e1 en constante desarrollo, y estamos ampliando nuestros servicios hacia la organizaci\\u00f3n de viajes, con el objetivo de ofrecer experiencias de alta calidad en Ruka durante todo el a\\u00f1o. <br \\\/><br \\\/>Nuestra cartera de alojamientos incluye m\\u00e1s de 100 caba\\u00f1as y apartamentos de diferentes tama\\u00f1os y categor\\u00edas, todos ubicados cerca de los servicios, pistas de esqu\\u00ed y actividades de Ruka. Hay algo para todos los gustos: desde una acogedora caba\\u00f1a rodeada de naturaleza hasta un c\\u00f3modo apartamento cerca del pueblo de Ruka. <br \\\/><br \\\/>Ruka ofrece experiencias inolvidables en todas las estaciones: esqu\\u00ed alpino y de fondo, y la magia de las auroras boreales en invierno; rafting, ciclismo de monta\\u00f1a, pirag\\u00fcismo, pesca y senderismo en verano. Ruka es un destino ideal tanto para los aventureros como para las familias y quienes buscan tranquilidad en plena naturaleza. <br \\\/><br \\\/>Para nosotros, hay algo que siempre ha sido esencial: que cada hu\\u00e9sped pueda dejar atr\\u00e1s las preocupaciones del d\\u00eda a d\\u00eda, relajarse y simplemente disfrutar. Ese ha sido nuestro principio gu\\u00eda durante m\\u00e1s de 15 a\\u00f1os, expresado en nuestro lema: \\u00a1Hora de viajar \\u2013 rel\\u00e1jate y disfruta!<\\\/p>\",\"margin\":\"medium\",\"text_align\":\"left\",\"text_align_breakpoint\":\"m\",\"text_align_fallback\":\"center\"}}]}]}]},{\"name\":\"Esittely\",\"type\":\"section\",\"props\":{\"animation\":\"slide-top-medium\",\"height_viewport\":false,\"image_position\":\"bottom-center\",\"image_size\":\"cover\",\"image_width\":\"1920\",\"overlap\":true,\"padding_remove_bottom\":true,\"padding_remove_top\":false,\"style\":\"default\",\"text_color\":\"dark\",\"title_breakpoint\":\"xl\",\"title_position\":\"top-left\",\"title_rotation\":\"left\",\"vertical_align\":\"\",\"width\":\"small\"},\"children\":[{\"type\":\"row\",\"props\":{\"layout\":\"1-2,1-2\",\"parallax\":false},\"children\":[{\"type\":\"column\",\"props\":{\"image_position\":\"center-center\",\"position_sticky_breakpoint\":\"m\",\"vertical_align\":\"middle\",\"width_large\":\"1-2\",\"width_medium\":\"1-2\",\"width_small\":\"1-1\",\"width_xlarge\":\"1-2\"},\"children\":[{\"type\":\"text\",\"props\":{\"animation\":\"slide-left-medium\",\"column_breakpoint\":\"m\",\"content\":\"\n\n<h4>Soy Juha, empresario y responsable de Rukako desde 2004, cuando el negocio pas\\u00f3 a la siguiente generaci\\u00f3n. Supervivo la gesti\\u00f3n general de la empresa y, adem\\u00e1s de los servicios de alojamiento, tambi\\u00e9n trabajo en proyectos de construcci\\u00f3n y renovaci\\u00f3n.<\\\/h4>\",\"margin\":\"medium\",\"text_align\":\"left\",\"text_align_breakpoint\":\"m\",\"text_align_fallback\":\"center\"}}]},{\"type\":\"column\",\"props\":{\"image_position\":\"center-center\",\"position_sticky_breakpoint\":\"m\",\"width_large\":\"1-2\",\"width_medium\":\"1-2\",\"width_small\":\"1-1\",\"width_xlarge\":\"1-2\"},\"children\":[{\"type\":\"image\",\"props\":{\"image\":\"wp-content\\\/uploads\\\/2026\\\/01\\\/IMG_1636.jpg\",\"image_svg_color\":\"emphasis\",\"margin\":\"default\"}}]}]}]},{\"name\":\"Esittely\",\"type\":\"section\",\"props\":{\"animation\":\"slide-top-medium\",\"height_viewport\":false,\"image_position\":\"bottom-center\",\"image_size\":\"cover\",\"image_width\":\"1920\",\"overlap\":true,\"padding_remove_bottom\":true,\"padding_remove_top\":false,\"style\":\"default\",\"text_color\":\"dark\",\"title_breakpoint\":\"xl\",\"title_position\":\"top-left\",\"title_rotation\":\"left\",\"vertical_align\":\"\",\"width\":\"small\"},\"children\":[{\"type\":\"row\",\"props\":{\"class\":\"swap-on-phone\",\"id\":\"swap-on-phone\",\"layout\":\"1-2,1-2\"},\"children\":[{\"type\":\"column\",\"props\":{\"image_position\":\"center-center\",\"position_sticky_breakpoint\":\"m\",\"width_medium\":\"1-2\"},\"children\":[{\"type\":\"image\",\"props\":{\"image\":\"wp-content\\\/uploads\\\/2026\\\/01\\\/IMG_1401-3.jpg\",\"image_svg_color\":\"emphasis\",\"margin\":\"default\"}}]},{\"type\":\"column\",\"props\":{\"image_position\":\"center-center\",\"position_sticky_breakpoint\":\"m\",\"vertical_align\":\"middle\",\"width_medium\":\"1-2\"},\"children\":[{\"type\":\"text\",\"props\":{\"animation\":\"slide-left-medium\",\"column_breakpoint\":\"m\",\"content\":\"\n\n<h4>Soy Katja y formo parte de Rukako desde 2003. Mis responsabilidades incluyen las ventas y el marketing de alojamientos \\u2014es decir, me encargo de que cada hu\\u00e9sped encuentre el lugar perfecto donde hospedarse y reciba un servicio amable y personalizado.<\\\/h4>\",\"margin\":\"medium\",\"text_align\":\"left\",\"text_align_breakpoint\":\"m\",\"text_align_fallback\":\"center\"}}]}]}]},{\"type\":\"section\",\"props\":{\"image\":\"http:\\\/\\\/rukako.fi\\\/wp-content\\\/uploads\\\/2021\\\/09\\\/rukako_talvea.jpg\",\"image_position\":\"center-center\",\"image_size\":\"cover\",\"media_visibility\":\"m\",\"status\":\"disabled\",\"style\":\"muted\",\"title_breakpoint\":\"xl\",\"title_position\":\"top-left\",\"title_rotation\":\"left\",\"vertical_align\":\"\",\"width\":\"default\"},\"children\":[{\"type\":\"row\",\"children\":[{\"type\":\"column\",\"props\":{\"image_position\":\"center-center\",\"position_sticky_breakpoint\":\"m\"}}],\"props\":{\"width\":\"default\"}}]}],\"version\":\"4.5.24\"} --><\/p>\n","protected":false},"excerpt":{"rendered":"<p>Nuestra historia \u2013 Rukako Rukako es una empresa familiar con ra\u00edces que se remontan a 1992. Fue fundada por la madre de Juha, comenzando como un peque\u00f1o negocio en el coraz\u00f3n de la zona tur\u00edstica de Ruka. Con el paso de los a\u00f1os, tanto Rukako como Ruka han crecido y evolucionado lado a lado, pero [&hellip;]<\/p>\n","protected":false},"author":4,"featured_media":0,"parent":0,"menu_order":0,"comment_status":"closed","ping_status":"closed","template":"","meta":{"footnotes":""},"class_list":["post-2195","page","type-page","status-publish","hentry"],"yoast_head":"<!-- This site is optimized with the Yoast SEO plugin v27.0 - https:\/\/yoast.com\/product\/yoast-seo-wordpress\/ -->\n<title>Nuestra historia \u2013 Alquiler de caba\u00f1as y apartamentos en Ruka, Kuusamo en Laponia finlandesa | Rukako<\/title>\n<meta name=\"description\" content=\"Descubre la historia de Rukako, empresa familiar especializada en el alquiler de caba\u00f1as y apartamentos en Ruka\u2013Kuusamo, Laponia finlandesa, con valores de cercan\u00eda y servicio personalizado.\" \/>\n<meta name=\"robots\" content=\"index, follow, max-snippet:-1, max-image-preview:large, max-video-preview:-1\" \/>\n<link rel=\"canonical\" href=\"https:\/\/rukako.fi\/es\/nuestra-historia\/\" \/>\n<meta property=\"og:locale\" content=\"es_ES\" \/>\n<meta property=\"og:type\" content=\"article\" \/>\n<meta property=\"og:title\" content=\"Nuestra historia \u2013 Alquiler de caba\u00f1as y apartamentos en Ruka, Kuusamo en Laponia finlandesa | Rukako\" \/>\n<meta property=\"og:description\" content=\"Descubre la historia de Rukako, empresa familiar especializada en el alquiler de caba\u00f1as y apartamentos en Ruka\u2013Kuusamo, Laponia finlandesa, con valores de cercan\u00eda y servicio personalizado.\" \/>\n<meta property=\"og:url\" content=\"https:\/\/rukako.fi\/es\/nuestra-historia\/\" \/>\n<meta property=\"og:site_name\" content=\"M\u00f6kkien ja huoneistojen keskusvaraamo, Ruka\" \/>\n<meta property=\"article:modified_time\" content=\"2026-01-26T10:45:18+00:00\" \/>\n<meta name=\"twitter:card\" content=\"summary_large_image\" \/>\n<meta name=\"twitter:label1\" content=\"Tiempo de lectura\" \/>\n\t<meta name=\"twitter:data1\" content=\"4 minutos\" \/>\n<script type=\"application\/ld+json\" class=\"yoast-schema-graph\">{\"@context\":\"https:\/\/schema.org\",\"@graph\":[{\"@type\":\"WebPage\",\"@id\":\"https:\/\/rukako.fi\/es\/nuestra-historia\/\",\"url\":\"https:\/\/rukako.fi\/es\/nuestra-historia\/\",\"name\":\"Nuestra historia \u2013 Alquiler de caba\u00f1as y apartamentos en Ruka, Kuusamo en Laponia finlandesa | Rukako\",\"isPartOf\":{\"@id\":\"https:\/\/rukako.fi\/#website\"},\"datePublished\":\"2025-10-09T11:19:07+00:00\",\"dateModified\":\"2026-01-26T10:45:18+00:00\",\"description\":\"Descubre la historia de Rukako, empresa familiar especializada en el alquiler de caba\u00f1as y apartamentos en Ruka\u2013Kuusamo, Laponia finlandesa, con valores de cercan\u00eda y servicio personalizado.\",\"breadcrumb\":{\"@id\":\"https:\/\/rukako.fi\/es\/nuestra-historia\/#breadcrumb\"},\"inLanguage\":\"es\",\"potentialAction\":[{\"@type\":\"ReadAction\",\"target\":[\"https:\/\/rukako.fi\/es\/nuestra-historia\/\"]}]},{\"@type\":\"BreadcrumbList\",\"@id\":\"https:\/\/rukako.fi\/es\/nuestra-historia\/#breadcrumb\",\"itemListElement\":[{\"@type\":\"ListItem\",\"position\":1,\"name\":\"Etusivu\",\"item\":\"https:\/\/rukako.fi\/es\/\"},{\"@type\":\"ListItem\",\"position\":2,\"name\":\"Nuestra historia\"}]},{\"@type\":\"WebSite\",\"@id\":\"https:\/\/rukako.fi\/#website\",\"url\":\"https:\/\/rukako.fi\/\",\"name\":\"M\u00f6kkien ja huoneistojen keskusvaraamo, Ruka\",\"description\":\"Noin 130 kohdetta Rukan alueella\",\"potentialAction\":[{\"@type\":\"SearchAction\",\"target\":{\"@type\":\"EntryPoint\",\"urlTemplate\":\"https:\/\/rukako.fi\/?s={search_term_string}\"},\"query-input\":{\"@type\":\"PropertyValueSpecification\",\"valueRequired\":true,\"valueName\":\"search_term_string\"}}],\"inLanguage\":\"es\"}]}<\/script>\n<!-- \/ Yoast SEO plugin. -->","yoast_head_json":{"title":"Nuestra historia \u2013 Alquiler de caba\u00f1as y apartamentos en Ruka, Kuusamo en Laponia finlandesa | Rukako","description":"Descubre la historia de Rukako, empresa familiar especializada en el alquiler de caba\u00f1as y apartamentos en Ruka\u2013Kuusamo, Laponia finlandesa, con valores de cercan\u00eda y servicio personalizado.","robots":{"index":"index","follow":"follow","max-snippet":"max-snippet:-1","max-image-preview":"max-image-preview:large","max-video-preview":"max-video-preview:-1"},"canonical":"https:\/\/rukako.fi\/es\/nuestra-historia\/","og_locale":"es_ES","og_type":"article","og_title":"Nuestra historia \u2013 Alquiler de caba\u00f1as y apartamentos en Ruka, Kuusamo en Laponia finlandesa | Rukako","og_description":"Descubre la historia de Rukako, empresa familiar especializada en el alquiler de caba\u00f1as y apartamentos en Ruka\u2013Kuusamo, Laponia finlandesa, con valores de cercan\u00eda y servicio personalizado.","og_url":"https:\/\/rukako.fi\/es\/nuestra-historia\/","og_site_name":"M\u00f6kkien ja huoneistojen keskusvaraamo, Ruka","article_modified_time":"2026-01-26T10:45:18+00:00","twitter_card":"summary_large_image","twitter_misc":{"Tiempo de lectura":"4 minutos"},"schema":{"@context":"https:\/\/schema.org","@graph":[{"@type":"WebPage","@id":"https:\/\/rukako.fi\/es\/nuestra-historia\/","url":"https:\/\/rukako.fi\/es\/nuestra-historia\/","name":"Nuestra historia \u2013 Alquiler de caba\u00f1as y apartamentos en Ruka, Kuusamo en Laponia finlandesa | Rukako","isPartOf":{"@id":"https:\/\/rukako.fi\/#website"},"datePublished":"2025-10-09T11:19:07+00:00","dateModified":"2026-01-26T10:45:18+00:00","description":"Descubre la historia de Rukako, empresa familiar especializada en el alquiler de caba\u00f1as y apartamentos en Ruka\u2013Kuusamo, Laponia finlandesa, con valores de cercan\u00eda y servicio personalizado.","breadcrumb":{"@id":"https:\/\/rukako.fi\/es\/nuestra-historia\/#breadcrumb"},"inLanguage":"es","potentialAction":[{"@type":"ReadAction","target":["https:\/\/rukako.fi\/es\/nuestra-historia\/"]}]},{"@type":"BreadcrumbList","@id":"https:\/\/rukako.fi\/es\/nuestra-historia\/#breadcrumb","itemListElement":[{"@type":"ListItem","position":1,"name":"Etusivu","item":"https:\/\/rukako.fi\/es\/"},{"@type":"ListItem","position":2,"name":"Nuestra historia"}]},{"@type":"WebSite","@id":"https:\/\/rukako.fi\/#website","url":"https:\/\/rukako.fi\/","name":"M\u00f6kkien ja huoneistojen keskusvaraamo, Ruka","description":"Noin 130 kohdetta Rukan alueella","potentialAction":[{"@type":"SearchAction","target":{"@type":"EntryPoint","urlTemplate":"https:\/\/rukako.fi\/?s={search_term_string}"},"query-input":{"@type":"PropertyValueSpecification","valueRequired":true,"valueName":"search_term_string"}}],"inLanguage":"es"}]}},"publishpress_future_action":{"enabled":false,"date":"2026-04-22 20:20:21","action":"change-status","newStatus":"draft","terms":[],"taxonomy":"translation_priority","extraData":[]},"publishpress_future_workflow_manual_trigger":{"enabledWorkflows":[]},"_links":{"self":[{"href":"https:\/\/rukako.fi\/es\/wp-json\/wp\/v2\/pages\/2195","targetHints":{"allow":["GET"]}}],"collection":[{"href":"https:\/\/rukako.fi\/es\/wp-json\/wp\/v2\/pages"}],"about":[{"href":"https:\/\/rukako.fi\/es\/wp-json\/wp\/v2\/types\/page"}],"author":[{"embeddable":true,"href":"https:\/\/rukako.fi\/es\/wp-json\/wp\/v2\/users\/4"}],"replies":[{"embeddable":true,"href":"https:\/\/rukako.fi\/es\/wp-json\/wp\/v2\/comments?post=2195"}],"version-history":[{"count":1,"href":"https:\/\/rukako.fi\/es\/wp-json\/wp\/v2\/pages\/2195\/revisions"}],"predecessor-version":[{"id":2906,"href":"https:\/\/rukako.fi\/es\/wp-json\/wp\/v2\/pages\/2195\/revisions\/2906"}],"wp:attachment":[{"href":"https:\/\/rukako.fi\/es\/wp-json\/wp\/v2\/media?parent=2195"}],"curies":[{"name":"wp","href":"https:\/\/api.w.org\/{rel}","templated":true}]}}