{"id":2299,"date":"2021-09-21T15:25:09","date_gmt":"2021-09-21T12:25:09","guid":{"rendered":"http:\/\/rukako.fi\/contact\/"},"modified":"2026-01-26T12:44:38","modified_gmt":"2026-01-26T10:44:38","slug":"contacto","status":"publish","type":"page","link":"https:\/\/rukako.fi\/es\/contacto\/","title":{"rendered":"Contacto"},"content":{"rendered":"<h1>RukaKo Oy<\/h1>\n<div>\n<p>Kilpel\u00e4ntie 2<br \/>93830 Rukatunturi<br \/>FINLAND<\/p>\n<\/div>\n<p><p>\n        <a href=\"tel:+358207344790\">+358 20 734 4790<\/a>\n    <\/p>\n<\/p>\n<p><p>\n        <a href=\"mailto:info@rukako.fi\">info@rukako.fi<\/a>\n    <\/p>\n<\/p>\n<p><p>\n        Formulario de contacto    <\/p>\n<div><div class=\"wpforms-container wpforms-container-full\" id=\"wpforms-2836\"><form id=\"wpforms-form-2836\" class=\"wpforms-validate wpforms-form wpforms-ajax-form\" data-formid=\"2836\" method=\"post\" enctype=\"multipart\/form-data\" action=\"\/es\/wp-json\/wp\/v2\/pages\/2299\" data-token=\"11c2e5a37dca3ba044d1fbee83dcb986\" data-token-time=\"1776273634\"><noscript class=\"wpforms-error-noscript\">Por favor, activa JavaScript en tu navegador para completar este formulario.<\/noscript><div class=\"wpforms-field-container\"><div id=\"wpforms-2836-field_1-container\" class=\"wpforms-field wpforms-field-text\" data-field-id=\"1\"><label class=\"wpforms-field-label\" for=\"wpforms-2836-field_1\">Nombre <span class=\"wpforms-required-label\">*<\/span><\/label><input type=\"text\" id=\"wpforms-2836-field_1\" class=\"wpforms-field-large wpforms-field-required\" name=\"wpforms[fields][1]\" required><\/div><div id=\"wpforms-2836-field_2-container\" class=\"wpforms-field wpforms-field-email\" data-field-id=\"2\"><label class=\"wpforms-field-label\" for=\"wpforms-2836-field_2\">Correo electr\u00f3nico <span class=\"wpforms-required-label\">*<\/span><\/label><input type=\"email\" id=\"wpforms-2836-field_2\" class=\"wpforms-field-large wpforms-field-required\" name=\"wpforms[fields][2]\" spellcheck=\"false\" required><\/div><div id=\"wpforms-2836-field_4-container\" class=\"wpforms-field wpforms-field-text\" data-field-id=\"4\"><label class=\"wpforms-field-label\" for=\"wpforms-2836-field_4\">Tel\u00e9fono<\/label><input type=\"text\" id=\"wpforms-2836-field_4\" class=\"wpforms-field-large\" name=\"wpforms[fields][4]\" ><\/div><div id=\"wpforms-2836-field_5-container\" class=\"wpforms-field wpforms-field-textarea\" data-field-id=\"5\"><label class=\"wpforms-field-label\" for=\"wpforms-2836-field_5\">Tu mensaje <span class=\"wpforms-required-label\">*<\/span><\/label><textarea id=\"wpforms-2836-field_5\" class=\"wpforms-field-large wpforms-field-required\" name=\"wpforms[fields][5]\" required><\/textarea><\/div><\/div><!-- .wpforms-field-container --><div class=\"wpforms-recaptcha-container wpforms-is-recaptcha wpforms-is-recaptcha-type-invisible\" ><div class=\"g-recaptcha\" data-sitekey=\"6LegSicjAAAAAA3iCQ726j_gqCNgjtzRkSNtUCYF\" data-size=\"invisible\"><\/div><\/div><div class=\"wpforms-submit-container\" ><input type=\"hidden\" name=\"wpforms[id]\" value=\"2836\"><input type=\"hidden\" name=\"page_title\" value=\"\"><input type=\"hidden\" name=\"page_url\" value=\"https:\/\/rukako.fi\/es\/wp-json\/wp\/v2\/pages\/2299\"><input type=\"hidden\" name=\"url_referer\" value=\"https:\/\/rukako.fi\/es\/contacto\/\"><button type=\"submit\" name=\"wpforms[submit]\" id=\"wpforms-submit-2836\" class=\"wpforms-submit\" data-alt-text=\"Sending...\" data-submit-text=\"Enviar\" aria-live=\"assertive\" value=\"wpforms-submit\">Enviar<\/button><img loading=\"lazy\" decoding=\"async\" src=\"https:\/\/rukako.fi\/wp-content\/plugins\/wpforms\/assets\/images\/submit-spin.svg\" class=\"wpforms-submit-spinner\" style=\"display: none;\" width=\"26\" height=\"26\" alt=\"Cargando\"><\/div><\/form><\/div>  <!-- .wpforms-container --><\/div>\n<\/p>\n<div>\n<p><iframe width=\"100%\" height=\"450\" style=\"border: 0;\" src=\"https:\/\/www.google.com\/maps\/embed?pb=!1m18!1m12!1m3!1d1612.3016549180136!2d29.119130016357595!3d66.16500688454781!2m3!1f0!2f0!3f0!3m2!1i1024!2i768!4f13.1!3m3!1m2!1s0x442954ced6408a09%3A0x1410fb1e03347088!2sRukaKo%20Oy!5e0!3m2!1sfi!2sfi!4v1632227269762!5m2!1sfi!2sfi\" allowfullscreen=\"allowfullscreen\" loading=\"lazy\"><\/iframe><\/p>\n<\/div>\n<p><!--more--><br \/>\n<!-- {\"type\":\"layout\",\"children\":[{\"type\":\"section\",\"props\":{\"image_position\":\"center-center\",\"style\":\"default\",\"title_breakpoint\":\"xl\",\"title_position\":\"top-left\",\"title_rotation\":\"left\",\"vertical_align\":\"\",\"width\":\"default\"},\"children\":[{\"type\":\"row\",\"props\":{\"layout\":\"1-3,2-3\"},\"children\":[{\"type\":\"column\",\"props\":{\"image_position\":\"center-center\",\"position_sticky_breakpoint\":\"m\",\"width_medium\":\"1-3\"},\"children\":[{\"type\":\"headline\",\"props\":{\"content\":\"RukaKo Oy\",\"title_element\":\"h1\",\"title_style\":\"h2\"}},{\"type\":\"text\",\"props\":{\"column_breakpoint\":\"m\",\"content\":\"\n\n<p>Kilpel\\u00e4ntie 2<br \\\/>93830 Rukatunturi<br \\\/>FINLAND<\\\/p>\",\"margin\":\"default\"}},{\"type\":\"button\",\"props\":{\"grid_column_gap\":\"small\",\"grid_row_gap\":\"small\",\"margin\":\"default\"},\"children\":[{\"type\":\"button_item\",\"props\":{\"button_style\":\"\",\"content\":\"+358 20 734 4790\",\"dialog_layout\":\"modal\",\"dialog_offcanvas_flip\":true,\"icon\":\"receiver\",\"icon_align\":\"left\",\"link\":\"tel:+358207344790\"}}]},{\"type\":\"button\",\"props\":{\"grid_column_gap\":\"small\",\"grid_row_gap\":\"small\",\"margin\":\"default\"},\"children\":[{\"type\":\"button_item\",\"props\":{\"button_style\":\"\",\"content\":\"info@rukako.fi\",\"dialog_layout\":\"modal\",\"dialog_offcanvas_flip\":true,\"icon\":\"mail\",\"icon_align\":\"left\",\"link\":\"mailto:info@rukako.fi\"}}]},{\"type\":\"button\",\"props\":{\"grid_column_gap\":\"small\",\"grid_row_gap\":\"small\",\"margin\":\"default\"},\"children\":[{\"type\":\"button_item\",\"props\":{\"button_style\":\"primary\",\"content\":\"Formulario de contacto\",\"dialog\":\"[wpforms id=\\\"2836\\\"]\",\"dialog_layout\":\"modal\",\"dialog_offcanvas_flip\":true,\"icon\":\"\",\"icon_align\":\"left\",\"link\":\"\"}}]}]},{\"type\":\"column\",\"props\":{\"image_position\":\"center-center\",\"position_sticky_breakpoint\":\"m\",\"width_medium\":\"2-3\"},\"children\":[{\"type\":\"text\",\"props\":{\"column_breakpoint\":\"m\",\"content\":\"\n\n<p><iframe width=\\\"100%\\\" height=\\\"450\\\" style=\\\"border: 0;\\\" src=\\\"https:\\\/\\\/www.google.com\\\/maps\\\/embed?pb=!1m18!1m12!1m3!1d1612.3016549180136!2d29.119130016357595!3d66.16500688454781!2m3!1f0!2f0!3f0!3m2!1i1024!2i768!4f13.1!3m3!1m2!1s0x442954ced6408a09%3A0x1410fb1e03347088!2sRukaKo%20Oy!5e0!3m2!1sfi!2sfi!4v1632227269762!5m2!1sfi!2sfi\\\" allowfullscreen=\\\"allowfullscreen\\\" loading=\\\"lazy\\\"><\\\/iframe><\\\/p>\",\"margin\":\"default\"}}]}]}]}],\"version\":\"4.5.24\"} --><\/p>\n","protected":false},"excerpt":{"rendered":"<p>RukaKo Oy Kilpel\u00e4ntie 293830 RukatunturiFINLAND +358 20 734 4790 info@rukako.fi Formulario de contacto<\/p>\n","protected":false},"author":1,"featured_media":0,"parent":0,"menu_order":0,"comment_status":"closed","ping_status":"closed","template":"","meta":{"footnotes":""},"class_list":["post-2299","page","type-page","status-publish","hentry"],"yoast_head":"<!-- This site is optimized with the Yoast SEO plugin v27.0 - https:\/\/yoast.com\/product\/yoast-seo-wordpress\/ -->\n<title>Contacto \u2013 Rukako | Alquiler de caba\u00f1as y apartamentos en Ruka, Kuusamo in Laponia finlandesa<\/title>\n<meta name=\"description\" content=\"Encuentra los datos de contacto de Rukako y cont\u00e1ctanos para el alquiler de caba\u00f1as y apartamentos, reservas y atenci\u00f3n al cliente en Ruka\u2013Kuusamo, Laponia finlandesa.\" \/>\n<meta name=\"robots\" content=\"index, follow, max-snippet:-1, max-image-preview:large, max-video-preview:-1\" \/>\n<link rel=\"canonical\" href=\"https:\/\/rukako.fi\/es\/contacto\/\" \/>\n<meta property=\"og:locale\" content=\"es_ES\" \/>\n<meta property=\"og:type\" content=\"article\" \/>\n<meta property=\"og:title\" content=\"Contacto \u2013 Rukako | Alquiler de caba\u00f1as y apartamentos en Ruka, Kuusamo in Laponia finlandesa\" \/>\n<meta property=\"og:description\" content=\"Encuentra los datos de contacto de Rukako y cont\u00e1ctanos para el alquiler de caba\u00f1as y apartamentos, reservas y atenci\u00f3n al cliente en Ruka\u2013Kuusamo, Laponia finlandesa.\" \/>\n<meta property=\"og:url\" content=\"https:\/\/rukako.fi\/es\/contacto\/\" \/>\n<meta property=\"og:site_name\" content=\"M\u00f6kkien ja huoneistojen keskusvaraamo, Ruka\" \/>\n<meta property=\"article:modified_time\" content=\"2026-01-26T10:44:38+00:00\" \/>\n<meta name=\"twitter:card\" content=\"summary_large_image\" \/>\n<meta name=\"twitter:label1\" content=\"Tiempo de lectura\" \/>\n\t<meta name=\"twitter:data1\" content=\"1 minuto\" \/>\n<script type=\"application\/ld+json\" class=\"yoast-schema-graph\">{\"@context\":\"https:\/\/schema.org\",\"@graph\":[{\"@type\":\"WebPage\",\"@id\":\"https:\/\/rukako.fi\/es\/contacto\/\",\"url\":\"https:\/\/rukako.fi\/es\/contacto\/\",\"name\":\"Contacto \u2013 Rukako | Alquiler de caba\u00f1as y apartamentos en Ruka, Kuusamo in Laponia finlandesa\",\"isPartOf\":{\"@id\":\"https:\/\/rukako.fi\/#website\"},\"datePublished\":\"2021-09-21T12:25:09+00:00\",\"dateModified\":\"2026-01-26T10:44:38+00:00\",\"description\":\"Encuentra los datos de contacto de Rukako y cont\u00e1ctanos para el alquiler de caba\u00f1as y apartamentos, reservas y atenci\u00f3n al cliente en Ruka\u2013Kuusamo, Laponia finlandesa.\",\"breadcrumb\":{\"@id\":\"https:\/\/rukako.fi\/es\/contacto\/#breadcrumb\"},\"inLanguage\":\"es\",\"potentialAction\":[{\"@type\":\"ReadAction\",\"target\":[\"https:\/\/rukako.fi\/es\/contacto\/\"]}]},{\"@type\":\"BreadcrumbList\",\"@id\":\"https:\/\/rukako.fi\/es\/contacto\/#breadcrumb\",\"itemListElement\":[{\"@type\":\"ListItem\",\"position\":1,\"name\":\"Etusivu\",\"item\":\"https:\/\/rukako.fi\/es\/\"},{\"@type\":\"ListItem\",\"position\":2,\"name\":\"Contacto\"}]},{\"@type\":\"WebSite\",\"@id\":\"https:\/\/rukako.fi\/#website\",\"url\":\"https:\/\/rukako.fi\/\",\"name\":\"M\u00f6kkien ja huoneistojen keskusvaraamo, Ruka\",\"description\":\"Noin 130 kohdetta Rukan alueella\",\"potentialAction\":[{\"@type\":\"SearchAction\",\"target\":{\"@type\":\"EntryPoint\",\"urlTemplate\":\"https:\/\/rukako.fi\/?s={search_term_string}\"},\"query-input\":{\"@type\":\"PropertyValueSpecification\",\"valueRequired\":true,\"valueName\":\"search_term_string\"}}],\"inLanguage\":\"es\"}]}<\/script>\n<!-- \/ Yoast SEO plugin. -->","yoast_head_json":{"title":"Contacto \u2013 Rukako | Alquiler de caba\u00f1as y apartamentos en Ruka, Kuusamo in Laponia finlandesa","description":"Encuentra los datos de contacto de Rukako y cont\u00e1ctanos para el alquiler de caba\u00f1as y apartamentos, reservas y atenci\u00f3n al cliente en Ruka\u2013Kuusamo, Laponia finlandesa.","robots":{"index":"index","follow":"follow","max-snippet":"max-snippet:-1","max-image-preview":"max-image-preview:large","max-video-preview":"max-video-preview:-1"},"canonical":"https:\/\/rukako.fi\/es\/contacto\/","og_locale":"es_ES","og_type":"article","og_title":"Contacto \u2013 Rukako | Alquiler de caba\u00f1as y apartamentos en Ruka, Kuusamo in Laponia finlandesa","og_description":"Encuentra los datos de contacto de Rukako y cont\u00e1ctanos para el alquiler de caba\u00f1as y apartamentos, reservas y atenci\u00f3n al cliente en Ruka\u2013Kuusamo, Laponia finlandesa.","og_url":"https:\/\/rukako.fi\/es\/contacto\/","og_site_name":"M\u00f6kkien ja huoneistojen keskusvaraamo, Ruka","article_modified_time":"2026-01-26T10:44:38+00:00","twitter_card":"summary_large_image","twitter_misc":{"Tiempo de lectura":"1 minuto"},"schema":{"@context":"https:\/\/schema.org","@graph":[{"@type":"WebPage","@id":"https:\/\/rukako.fi\/es\/contacto\/","url":"https:\/\/rukako.fi\/es\/contacto\/","name":"Contacto \u2013 Rukako | Alquiler de caba\u00f1as y apartamentos en Ruka, Kuusamo in Laponia finlandesa","isPartOf":{"@id":"https:\/\/rukako.fi\/#website"},"datePublished":"2021-09-21T12:25:09+00:00","dateModified":"2026-01-26T10:44:38+00:00","description":"Encuentra los datos de contacto de Rukako y cont\u00e1ctanos para el alquiler de caba\u00f1as y apartamentos, reservas y atenci\u00f3n al cliente en Ruka\u2013Kuusamo, Laponia finlandesa.","breadcrumb":{"@id":"https:\/\/rukako.fi\/es\/contacto\/#breadcrumb"},"inLanguage":"es","potentialAction":[{"@type":"ReadAction","target":["https:\/\/rukako.fi\/es\/contacto\/"]}]},{"@type":"BreadcrumbList","@id":"https:\/\/rukako.fi\/es\/contacto\/#breadcrumb","itemListElement":[{"@type":"ListItem","position":1,"name":"Etusivu","item":"https:\/\/rukako.fi\/es\/"},{"@type":"ListItem","position":2,"name":"Contacto"}]},{"@type":"WebSite","@id":"https:\/\/rukako.fi\/#website","url":"https:\/\/rukako.fi\/","name":"M\u00f6kkien ja huoneistojen keskusvaraamo, Ruka","description":"Noin 130 kohdetta Rukan alueella","potentialAction":[{"@type":"SearchAction","target":{"@type":"EntryPoint","urlTemplate":"https:\/\/rukako.fi\/?s={search_term_string}"},"query-input":{"@type":"PropertyValueSpecification","valueRequired":true,"valueName":"search_term_string"}}],"inLanguage":"es"}]}},"publishpress_future_action":{"enabled":false,"date":"2026-04-22 20:20:34","action":"change-status","newStatus":"draft","terms":[],"taxonomy":"translation_priority","extraData":[]},"publishpress_future_workflow_manual_trigger":{"enabledWorkflows":[]},"_links":{"self":[{"href":"https:\/\/rukako.fi\/es\/wp-json\/wp\/v2\/pages\/2299","targetHints":{"allow":["GET"]}}],"collection":[{"href":"https:\/\/rukako.fi\/es\/wp-json\/wp\/v2\/pages"}],"about":[{"href":"https:\/\/rukako.fi\/es\/wp-json\/wp\/v2\/types\/page"}],"author":[{"embeddable":true,"href":"https:\/\/rukako.fi\/es\/wp-json\/wp\/v2\/users\/1"}],"replies":[{"embeddable":true,"href":"https:\/\/rukako.fi\/es\/wp-json\/wp\/v2\/comments?post=2299"}],"version-history":[{"count":1,"href":"https:\/\/rukako.fi\/es\/wp-json\/wp\/v2\/pages\/2299\/revisions"}],"predecessor-version":[{"id":2907,"href":"https:\/\/rukako.fi\/es\/wp-json\/wp\/v2\/pages\/2299\/revisions\/2907"}],"wp:attachment":[{"href":"https:\/\/rukako.fi\/es\/wp-json\/wp\/v2\/media?parent=2299"}],"curies":[{"name":"wp","href":"https:\/\/api.w.org\/{rel}","templated":true}]}}